{"id":372,"date":"2022-10-12T04:27:17","date_gmt":"2022-10-12T04:27:17","guid":{"rendered":"https:\/\/realwoman.com\/acerca-de\/"},"modified":"2026-02-26T17:36:29","modified_gmt":"2026-02-26T17:36:29","slug":"acerca-de","status":"publish","type":"page","link":"https:\/\/realwoman.com\/es\/acerca-de\/","title":{"rendered":"Acerca de"},"content":{"rendered":"<p>[et_pb_section fb_built=&#8221;1&#8243; custom_padding_last_edited=&#8221;on|phone&#8221; _builder_version=&#8221;4.18.0&#8243; _module_preset=&#8221;default&#8221; background_image=&#8221;https:\/\/realwoman.wpengine.com\/wp-content\/uploads\/2022\/10\/Real-Woman-Header.jpg&#8221; custom_padding=&#8221;80px||80px||false|false&#8221; custom_padding_tablet=&#8221;80px||80px||false|false&#8221; custom_padding_phone=&#8221;80px||80px||false|false&#8221; global_colors_info=&#8221;{}&#8221; custom_padding__hover_enabled=&#8221;off|desktop&#8221;][et_pb_row _builder_version=&#8221;4.18.0&#8243; _module_preset=&#8221;default&#8221; global_colors_info=&#8221;{}&#8221;][et_pb_column type=&#8221;4_4&#8243; _builder_version=&#8221;4.18.0&#8243; _module_preset=&#8221;default&#8221; global_colors_info=&#8221;{}&#8221;][et_pb_text _builder_version=&#8221;4.18.0&#8243; _module_preset=&#8221;default&#8221; header_font=&#8221;|700|||||||&#8221; header_text_align=&#8221;center&#8221; header_text_color=&#8221;#FFFFFF&#8221; header_font_size=&#8221;50px&#8221; global_colors_info=&#8221;{}&#8221;]<\/p>\n<h1>Acerca de<\/h1>\n<p>[\/et_pb_text][\/et_pb_column][\/et_pb_row][\/et_pb_section][et_pb_section fb_built=&#8221;1&#8243; _builder_version=&#8221;4.18.0&#8243; _module_preset=&#8221;default&#8221; global_colors_info=&#8221;{}&#8221;][et_pb_row _builder_version=&#8221;4.18.0&#8243; _module_preset=&#8221;default&#8221; custom_padding=&#8221;||0px||false|false&#8221; global_colors_info=&#8221;{}&#8221;][et_pb_column type=&#8221;4_4&#8243; _builder_version=&#8221;4.18.0&#8243; _module_preset=&#8221;default&#8221; global_colors_info=&#8221;{}&#8221;][et_pb_text _builder_version=&#8221;4.18.0&#8243; _module_preset=&#8221;default&#8221; header_2_font=&#8221;|700|||||||&#8221; custom_margin=&#8221;||10px||false|false&#8221; global_colors_info=&#8221;{}&#8221;]<\/p>\n<h2><span>\u00bfQu\u00e9 es una mujer real?<\/span><\/h2>\n<p>[\/et_pb_text][et_pb_text _builder_version=&#8221;4.27.5&#8243; _module_preset=&#8221;default&#8221; text_font_size=&#8221;15px&#8221; global_colors_info=&#8221;{}&#8221;]<\/p>\n<p class=\"p1\">REAL Woman es una organizaci\u00f3n cristiana e independiente que existe para equipar y animar a las mujeres a ser quienes Dios las ha creado para ser. Hacemos esto proporcionando recursos, oportunidades y herramientas para aprender y compartir la Palabra de Dios. Se anima a cualquier mujer que desee aprender m\u00e1s sobre su valor y prop\u00f3sito a unirse a nosotros en el viaje de REAL Woman.\u00a0<\/p>\n<p>[\/et_pb_text][et_pb_text _builder_version=&#8221;4.18.0&#8243; _module_preset=&#8221;default&#8221; header_2_font=&#8221;|700|||||||&#8221; custom_margin=&#8221;||10px||false|false&#8221; global_colors_info=&#8221;{}&#8221;]<\/p>\n<h2><span>C\u00f3mo funciona<\/span><\/h2>\n<p>[\/et_pb_text][\/et_pb_column][\/et_pb_row][et_pb_row column_structure=&#8221;1_2,1_2&#8243; _builder_version=&#8221;4.18.0&#8243; _module_preset=&#8221;default&#8221; custom_padding=&#8221;3px|||||&#8221; global_colors_info=&#8221;{}&#8221;][et_pb_column type=&#8221;1_2&#8243; _builder_version=&#8221;4.18.0&#8243; _module_preset=&#8221;default&#8221; global_colors_info=&#8221;{}&#8221;][et_pb_text _builder_version=&#8221;4.27.5&#8243; _module_preset=&#8221;default&#8221; text_font_size=&#8221;15px&#8221; global_colors_info=&#8221;{}&#8221;]<\/p>\n<p class=\"p1\">Puede seguir la serie de ense\u00f1anzas\u00a0en nuestro sitio web\u00a0y profundizar en el estudio utilizando el REAL Woman Workbook.\u00a0No hay fecha de inicio ni de finalizaci\u00f3n. Puede comenzar y completar la serie a su propio ritmo.<\/p>\n<p><strong>En Su Iglesia<br \/><\/strong>\u00bfDirige usted a mujeres en su iglesia? Utilice este estudio en un entorno de grupo grande o peque\u00f1o.\u00a0<\/p>\n<p><strong>Grupos<br \/><\/strong>Re\u00fana a un grupo de otras mujeres para reunirse en su hogar para ver videos y discutir.<\/p>\n<p><strong>Estudio Independiente<br \/><\/strong>\u00a1Tambi\u00e9n puede participar en este estudio de manera individual!<\/p>\n<p>[\/et_pb_text][\/et_pb_column][et_pb_column type=&#8221;1_2&#8243; _builder_version=&#8221;4.18.0&#8243; _module_preset=&#8221;default&#8221; global_colors_info=&#8221;{}&#8221;][et_pb_image src=&#8221;https:\/\/realwoman.wpengine.com\/wp-content\/uploads\/2022\/10\/RealWoman_Workbook-1.jpg&#8221; title_text=&#8221;RealWoman_Workbook&#8221; _builder_version=&#8221;4.18.0&#8243; _module_preset=&#8221;default&#8221; border_radii=&#8221;on|25px|25px|25px|25px&#8221; global_colors_info=&#8221;{}&#8221;][\/et_pb_image][\/et_pb_column][\/et_pb_row][et_pb_row _builder_version=&#8221;4.18.0&#8243; _module_preset=&#8221;default&#8221; global_colors_info=&#8221;{}&#8221;][et_pb_column type=&#8221;4_4&#8243; _builder_version=&#8221;4.18.0&#8243; _module_preset=&#8221;default&#8221; global_colors_info=&#8221;{}&#8221;][et_pb_button button_url=&#8221;https:\/\/realwoman.com\/es\/registro-espanol\/&#8221; button_text=&#8221;Registrarse&#8221; button_alignment=&#8221;center&#8221; admin_label=&#8221;Sign Up (Logged Out)&#8221; _builder_version=&#8221;4.18.0&#8243; _module_preset=&#8221;default&#8221; custom_button=&#8221;on&#8221; button_text_size=&#8221;30px&#8221; button_text_color=&#8221;#FFFFFF&#8221; button_bg_color=&#8221;#9FB098&#8243; button_use_icon=&#8221;off&#8221; display_conditions=&#8221;W3siaWQiOiIxZDUwMjNkZi00N2EzLTRlN2QtODUxMS0zZTJkMDFkNDdjNDIiLCJjb25kaXRpb24iOiJsb2dnZWRJblN0YXR1cyIsImNvbmRpdGlvblNldHRpbmdzIjp7ImRpc3BsYXlSdWxlIjoibG9nZ2VkT3V0IiwiYWRtaW5MYWJlbCI6IkxvZ2dlZCBJbiBTdGF0dXMiLCJlbmFibGVDb25kaXRpb24iOiJvbiJ9LCJvcGVyYXRvciI6Ik9SIn1d&#8221; global_colors_info=&#8221;{}&#8221; button_bg_color__hover_enabled=&#8221;on|hover&#8221; button_bg_color__hover=&#8221;#FFFFFF&#8221; button_bg_enable_color__hover=&#8221;on&#8221; button_text_color__hover_enabled=&#8221;on|hover&#8221; button_text_color__hover=&#8221;#9FB098&#8243;][\/et_pb_button][et_pb_button button_url=&#8221;https:\/\/realwoman.com\/es\/videos\/&#8221; button_text=&#8221;Ver v\u00eddeos&#8221; button_alignment=&#8221;center&#8221; admin_label=&#8221;View Videos (Logged In)&#8221; _builder_version=&#8221;4.18.0&#8243; _module_preset=&#8221;default&#8221; custom_button=&#8221;on&#8221; button_text_size=&#8221;30px&#8221; button_text_color=&#8221;#FFFFFF&#8221; button_bg_color=&#8221;#9FB098&#8243; button_use_icon=&#8221;off&#8221; display_conditions=&#8221;W3siaWQiOiIxZDUwMjNkZi00N2EzLTRlN2QtODUxMS0zZTJkMDFkNDdjNDIiLCJjb25kaXRpb24iOiJsb2dnZWRJblN0YXR1cyIsImNvbmRpdGlvblNldHRpbmdzIjp7ImRpc3BsYXlSdWxlIjoibG9nZ2VkSW4iLCJhZG1pbkxhYmVsIjoiTG9nZ2VkIEluIFN0YXR1cyIsImVuYWJsZUNvbmRpdGlvbiI6Im9uIn0sIm9wZXJhdG9yIjoiT1IifV0=&#8221; global_colors_info=&#8221;{}&#8221; button_bg_color__hover_enabled=&#8221;on|hover&#8221; button_bg_color__hover=&#8221;#FFFFFF&#8221; button_bg_enable_color__hover=&#8221;on&#8221; button_text_color__hover_enabled=&#8221;on|hover&#8221; button_text_color__hover=&#8221;#9FB098&#8243;][\/et_pb_button][et_pb_text _builder_version=&#8221;4.18.0&#8243; _module_preset=&#8221;default&#8221; header_text_align=&#8221;left&#8221; header_2_font=&#8221;|700|||||||&#8221; header_2_text_align=&#8221;center&#8221; global_colors_info=&#8221;{}&#8221;]<\/p>\n<h2><span>Qui\u00e9nes somos<\/span><\/h2>\n<p>[\/et_pb_text][\/et_pb_column][\/et_pb_row][et_pb_row column_structure=&#8221;1_2,1_2&#8243; make_equal=&#8221;on&#8221; _builder_version=&#8221;4.18.0&#8243; _module_preset=&#8221;default&#8221; width=&#8221;100%&#8221; global_colors_info=&#8221;{}&#8221;][et_pb_column type=&#8221;1_2&#8243; _builder_version=&#8221;4.18.0&#8243; _module_preset=&#8221;default&#8221; custom_padding=&#8221;||||false|false&#8221; box_shadow_style=&#8221;preset3&#8243; global_colors_info=&#8221;{}&#8221;][et_pb_image src=&#8221;https:\/\/realwoman.com\/wp-content\/uploads\/2026\/02\/dra-diana-puente.webp&#8221; title_text=&#8221;dra-diana-puente&#8221; force_fullwidth=&#8221;on&#8221; _builder_version=&#8221;4.27.5&#8243; _module_preset=&#8221;default&#8221; hover_enabled=&#8221;0&#8243; border_radii=&#8221;off|25px|25px||&#8221; global_colors_info=&#8221;{}&#8221; sticky_enabled=&#8221;0&#8243;][\/et_pb_image][et_pb_text _builder_version=&#8221;4.27.5&#8243; _module_preset=&#8221;default&#8221; text_font_size=&#8221;15px&#8221; custom_padding=&#8221;|20px|20px|20px|false|false&#8221; hover_enabled=&#8221;0&#8243; global_colors_info=&#8221;{}&#8221; sticky_enabled=&#8221;0&#8243;]<\/p>\n<h3 style=\"text-align: center;\"><b>Dra. Diana Puente<\/b><\/h3>\n<p style=\"text-align: center;\">Diana Puente es asistente del Ministerio Hispano de Lakes Church en Lakeland, Florida. Sirve junto a su esposo el Dr. Juan Puente, y tienen tres hijos Rebeca, Daniela, y Uziel; fue Decana Asistente y Maestra del Programa en Espa\u00f1ol de Louisiana Baptist University por m\u00e1s de 10 a\u00f1os. Ha dado conferencias de Educaci\u00f3n Cristiana y Ministerio de Mujeres en Texas, Florida, y Luisiana. Tiene estudios teol\u00f3gicos de Maestr\u00eda (SWBTS) y Doctorado (LBU). Le apasiona servir en el entrenamiento de l\u00edderes. <!-- notionvc: 8c9406bf-4bb5-410d-8d98-a49d83c49474 --><\/p>\n<p>[\/et_pb_text][\/et_pb_column][et_pb_column type=&#8221;1_2&#8243; _builder_version=&#8221;4.18.0&#8243; _module_preset=&#8221;default&#8221; custom_padding=&#8221;||||false|false&#8221; box_shadow_style=&#8221;preset3&#8243; global_colors_info=&#8221;{}&#8221;][et_pb_image src=&#8221;https:\/\/realwoman.com\/wp-content\/uploads\/2026\/02\/dra-clara-molina.webp&#8221; title_text=&#8221;dra-clara-molina&#8221; force_fullwidth=&#8221;on&#8221; _builder_version=&#8221;4.27.5&#8243; _module_preset=&#8221;default&#8221; hover_enabled=&#8221;0&#8243; border_radii=&#8221;off|25px|25px||&#8221; global_colors_info=&#8221;{}&#8221; sticky_enabled=&#8221;0&#8243;][\/et_pb_image][et_pb_text _builder_version=&#8221;4.27.5&#8243; _module_preset=&#8221;default&#8221; text_font_size=&#8221;15px&#8221; custom_padding=&#8221;|20px|20px|20px|false|false&#8221; hover_enabled=&#8221;0&#8243; global_colors_info=&#8221;{}&#8221; sticky_enabled=&#8221;0&#8243; header_3_font=&#8221;|700|||||||&#8221;]<\/p>\n<h3 style=\"text-align: center;\"><span data-token-index=\"0\" class=\"notion-enable-hover\">Dra. Clara Molina<\/span><!-- notionvc: 62827a02-8b1c-4a17-aed7-520034b4a6de --><\/h3>\n<p style=\"text-align: center;\">La Dra.\u00a0Clara\u00a0Molina\u00a0naci\u00f3 en la Republica Dominicana, est\u00e1 casa con el Dr. Bruno\u00a0Molina\u00a0PhD, es madre y abuela.\u00a0Ministra con la Red Bautista Hispana, es profesora, conferencista, escribe para la prensa Baptist Press, el devocional\u00a0<span data-token-index=\"1\" class=\"notion-enable-hover\">Quietud<\/span>, desarrolla material de escuela dominical para LifeWay y es autora biling\u00fce (P. ej.\u00a0<span data-token-index=\"3\" class=\"notion-enable-hover\">Soy una obra maestra<\/span>\u00a0y\u00a0<span data-token-index=\"5\" class=\"notion-enable-hover\">Sanando el dolor<\/span>).\u00a0Tiene una Maestr\u00eda de educaci\u00f3n cristiana (Southwestern Baptist Theological Seminary) y un Doctorado en ministerio y liderazgo (MBTS).<!-- notionvc: 9f2749ef-2f93-4f60-8c3b-9c24e855c148 --><\/p>\n<p>[\/et_pb_text][\/et_pb_column][\/et_pb_row][et_pb_row column_structure=&#8221;1_2,1_2&#8243; make_equal=&#8221;on&#8221; _builder_version=&#8221;4.18.0&#8243; _module_preset=&#8221;default&#8221; width=&#8221;100%&#8221; global_colors_info=&#8221;{}&#8221;][et_pb_column type=&#8221;1_2&#8243; _builder_version=&#8221;4.18.0&#8243; _module_preset=&#8221;default&#8221; custom_padding=&#8221;||||false|false&#8221; box_shadow_style=&#8221;preset3&#8243; global_colors_info=&#8221;{}&#8221;][et_pb_image src=&#8221;https:\/\/realwoman.com\/wp-content\/uploads\/2026\/02\/wendy-ortiz.webp&#8221; title_text=&#8221;wendy-ortiz&#8221; force_fullwidth=&#8221;on&#8221; _builder_version=&#8221;4.27.5&#8243; _module_preset=&#8221;default&#8221; hover_enabled=&#8221;0&#8243; border_radii=&#8221;off|25px|25px||&#8221; global_colors_info=&#8221;{}&#8221; sticky_enabled=&#8221;0&#8243;][\/et_pb_image][et_pb_text _builder_version=&#8221;4.27.5&#8243; _module_preset=&#8221;default&#8221; text_font_size=&#8221;15px&#8221; custom_padding=&#8221;|20px|20px|20px|false|false&#8221; hover_enabled=&#8221;0&#8243; global_colors_info=&#8221;{}&#8221; sticky_enabled=&#8221;0&#8243;]<\/p>\n<h3 style=\"text-align: center;\"><strong><span data-token-index=\"0\" class=\"notion-enable-hover\">Wendy Ortiz<\/span><\/strong><!-- notionvc: 3aff3897-6933-464b-9b17-201a744a5150 --><\/h3>\n<p style=\"text-align: center;\">Wendy Ortiz es esposa del pastor Oscar Ortiz y madre de Marina y Owen. Es miembro de la Iglesia Bautista Esperanza Eterna en R\u00edo Grande, Puerto Rico. Trabaja para la North American Mission Board como Asistente Administrativa y Coordinadora del cuidado y desarrollo de esposas de plantadores de iglesias de Send Network Puerto Rico. Tiene una Maestr\u00eda en Educaci\u00f3n Cristiana del Seminario Bautista Southwestern y all\u00ed ense\u00f1a un curso en el Certificado para Mujeres Hispanas.<!-- notionvc: c6a068d7-57c8-41e0-ba5a-878b0e53edff --><\/p>\n<p>[\/et_pb_text][\/et_pb_column][et_pb_column type=&#8221;1_2&#8243; _builder_version=&#8221;4.18.0&#8243; _module_preset=&#8221;default&#8221; custom_padding=&#8221;||||false|false&#8221; box_shadow_style=&#8221;preset3&#8243; global_colors_info=&#8221;{}&#8221;][et_pb_image src=&#8221;https:\/\/realwoman.com\/wp-content\/uploads\/2026\/02\/arlene-sanabria.webp&#8221; title_text=&#8221;arlene-sanabria&#8221; force_fullwidth=&#8221;on&#8221; _builder_version=&#8221;4.27.5&#8243; _module_preset=&#8221;default&#8221; hover_enabled=&#8221;0&#8243; border_radii=&#8221;off|25px|25px||&#8221; global_colors_info=&#8221;{}&#8221; sticky_enabled=&#8221;0&#8243;][\/et_pb_image][et_pb_text _builder_version=&#8221;4.27.5&#8243; _module_preset=&#8221;default&#8221; text_font_size=&#8221;15px&#8221; custom_padding=&#8221;|20px|20px|20px|false|false&#8221; hover_enabled=&#8221;0&#8243; global_colors_info=&#8221;{}&#8221; sticky_enabled=&#8221;0&#8243; header_3_font=&#8221;|700|||||||&#8221;]<\/p>\n<h3 style=\"text-align: center;\"><span data-token-index=\"0\" class=\"notion-enable-hover\">Arlene Sanabria<\/span><!-- notionvc: 06c14b87-99d9-48ab-b1d0-c0a0bb25d39c --><\/h3>\n<p style=\"text-align: center;\">Arlene\u00a0Sanabria, nacida en Puerto Rico, est\u00e1 casada con Jacob y es madre de un hijo y una hija. Es l\u00edder del Ministerio de Mujeres en espa\u00f1ol para la Convenci\u00f3n de los Bautistas del Sur de Texas (SBTC), conferencista, traductora, y corresponsal para el Southern Baptist Texan. Sus escritos tambi\u00e9n aparecen en Baptist Press en Espa\u00f1ol y el devocional Quietud de Lifeway. Tiene una licenciatura en Administraci\u00f3n de Empresas (Universidad de Puerto Rico), un grado asociado en Artes en Ministerio, y un Certificado en Consejer\u00eda B\u00edblica del Southwestern Baptist Theological Seminary. Actualmente cursa una Maestr\u00eda en Estudios Teol\u00f3gicos en dicho seminario.<!-- notionvc: 70e2558a-850b-497a-bd02-2b2af2db2d6f --><\/p>\n<p>[\/et_pb_text][\/et_pb_column][\/et_pb_row][\/et_pb_section]<\/p>\n","protected":false},"excerpt":{"rendered":"<p>Acerca de\u00bfQu\u00e9 es una mujer real?REAL Woman es una organizaci\u00f3n cristiana e independiente que existe para equipar y animar a las mujeres a ser quienes Dios las ha creado para ser. Hacemos esto proporcionando recursos, oportunidades y herramientas para aprender y compartir la Palabra de Dios. Se anima a cualquier mujer que desee aprender m\u00e1s [&hellip;]<\/p>\n","protected":false},"author":1,"featured_media":0,"parent":0,"menu_order":0,"comment_status":"closed","ping_status":"closed","template":"","meta":{"_et_pb_use_builder":"on","_et_pb_old_content":"","_et_gb_content_width":"","footnotes":""},"class_list":["post-372","page","type-page","status-publish","hentry"],"_links":{"self":[{"href":"https:\/\/realwoman.com\/es\/wp-json\/wp\/v2\/pages\/372","targetHints":{"allow":["GET"]}}],"collection":[{"href":"https:\/\/realwoman.com\/es\/wp-json\/wp\/v2\/pages"}],"about":[{"href":"https:\/\/realwoman.com\/es\/wp-json\/wp\/v2\/types\/page"}],"author":[{"embeddable":true,"href":"https:\/\/realwoman.com\/es\/wp-json\/wp\/v2\/users\/1"}],"replies":[{"embeddable":true,"href":"https:\/\/realwoman.com\/es\/wp-json\/wp\/v2\/comments?post=372"}],"version-history":[{"count":0,"href":"https:\/\/realwoman.com\/es\/wp-json\/wp\/v2\/pages\/372\/revisions"}],"wp:attachment":[{"href":"https:\/\/realwoman.com\/es\/wp-json\/wp\/v2\/media?parent=372"}],"curies":[{"name":"wp","href":"https:\/\/api.w.org\/{rel}","templated":true}]}}